{"id":6249,"date":"2023-05-02T10:23:29","date_gmt":"2023-05-02T10:23:29","guid":{"rendered":"https:\/\/ardatz.cl\/eng\/?page_id=6249"},"modified":"2025-02-22T17:35:48","modified_gmt":"2025-02-22T17:35:48","slug":"migel-mujica","status":"publish","type":"page","link":"https:\/\/ardatz.cl\/eng\/about-us\/migel-mujica\/","title":{"rendered":"Migel Mujica"},"content":{"rendered":"\t\t<div data-elementor-type=\"wp-page\" data-elementor-id=\"6249\" class=\"elementor elementor-6249\">\n\t\t\t\t\t\t<section data-particle_enable=\"false\" data-particle-mobile-disabled=\"false\" class=\"elementor-section elementor-top-section elementor-element elementor-element-b4c255b elementor-section-full_width elementor-section-stretched elementor-section-height-default elementor-section-height-default\" data-id=\"b4c255b\" data-element_type=\"section\" data-settings=\"{&quot;stretch_section&quot;:&quot;section-stretched&quot;}\">\n\t\t\t\t\t\t<div class=\"elementor-container elementor-column-gap-default\">\n\t\t\t\t\t<div class=\"elementor-column elementor-col-50 elementor-top-column elementor-element elementor-element-134a2125\" data-id=\"134a2125\" data-element_type=\"column\">\n\t\t\t<div class=\"elementor-widget-wrap elementor-element-populated\">\n\t\t\t\t\t\t<div class=\"elementor-element elementor-element-46e7923b elementor-widget__width-initial elementor-widget elementor-widget-image\" data-id=\"46e7923b\" data-element_type=\"widget\" data-widget_type=\"image.default\">\n\t\t\t\t<div class=\"elementor-widget-container\">\n\t\t\t\t\t\t\t\t\t\t\t\t\t<img fetchpriority=\"high\" decoding=\"async\" width=\"885\" height=\"972\" src=\"https:\/\/ardatz.cl\/eng\/wp-content\/uploads\/2025\/02\/AA_7242-mejorada-1750-1-932x1024.jpg\" class=\"attachment-large size-large wp-image-6395\" alt=\"\" srcset=\"https:\/\/ardatz.cl\/eng\/wp-content\/uploads\/2025\/02\/AA_7242-mejorada-1750-1-932x1024.jpg 932w, https:\/\/ardatz.cl\/eng\/wp-content\/uploads\/2025\/02\/AA_7242-mejorada-1750-1-273x300.jpg 273w, https:\/\/ardatz.cl\/eng\/wp-content\/uploads\/2025\/02\/AA_7242-mejorada-1750-1-768x844.jpg 768w, https:\/\/ardatz.cl\/eng\/wp-content\/uploads\/2025\/02\/AA_7242-mejorada-1750-1-1397x1536.jpg 1397w, https:\/\/ardatz.cl\/eng\/wp-content\/uploads\/2025\/02\/AA_7242-mejorada-1750-1-560x616.jpg 560w, https:\/\/ardatz.cl\/eng\/wp-content\/uploads\/2025\/02\/AA_7242-mejorada-1750-1.jpg 1592w\" sizes=\"(max-width: 885px) 100vw, 885px\" \/>\t\t\t\t\t\t\t\t\t\t\t\t\t<\/div>\n\t\t\t\t<\/div>\n\t\t\t\t\t<\/div>\n\t\t<\/div>\n\t\t\t\t<div class=\"elementor-column elementor-col-50 elementor-top-column elementor-element elementor-element-5b01d9eb\" data-id=\"5b01d9eb\" data-element_type=\"column\">\n\t\t\t<div class=\"elementor-widget-wrap elementor-element-populated\">\n\t\t\t\t\t\t<div class=\"elementor-element elementor-element-7c49a4e2 elementor-widget elementor-widget-heading\" data-id=\"7c49a4e2\" data-element_type=\"widget\" data-widget_type=\"heading.default\">\n\t\t\t\t<div class=\"elementor-widget-container\">\n\t\t\t<h2 class=\"elementor-heading-title elementor-size-default\"><p style=\"font-variant-numeric: normal; font-variant-east-asian: normal; font-stretch: normal; font-size: 12px; line-height: normal; font-family: Times; color: rgb(0, 0, 0); letter-spacing: normal; white-space: normal;\"><span style=\"color: rgb(56, 56, 56); font-family: Montserrat, sans-serif; font-size: 40px; letter-spacing: 3px; text-align: inherit; white-space: pre-wrap;\">Miguel Mujica<\/span><\/p><\/h2>\t\t<\/div>\n\t\t\t\t<\/div>\n\t\t\t\t<div class=\"elementor-element elementor-element-eb4e6bc elementor-widget elementor-widget-text-editor\" data-id=\"eb4e6bc\" data-element_type=\"widget\" data-widget_type=\"text-editor.default\">\n\t\t\t\t<div class=\"elementor-widget-container\">\n\t\t\t\t\t\t\t<div class=\"elementor-element elementor-element-0aabf02 elementor-widget elementor-widget-text-editor\" data-id=\"0aabf02\" data-element_type=\"widget\" data-widget_type=\"text-editor.default\"><div class=\"elementor-widget-container\"><div class=\"elementor-element elementor-element-5ac7ebb elementor-widget elementor-widget-text-editor\" data-id=\"5ac7ebb\" data-element_type=\"widget\" data-widget_type=\"text-editor.default\"><div class=\"elementor-widget-container\"><h5>Founding Partner<\/h5><\/div><\/div><\/div><\/div><div class=\"elementor-element elementor-element-d35b759 elementor-widget elementor-widget-text-editor\" data-id=\"d35b759\" data-element_type=\"widget\" data-widget_type=\"text-editor.default\"><div class=\"elementor-widget-container\"><h6>Cl+56 984 29 26 46\u00a0 | Es+34 667 06 41 40<br \/>mm@ardatz.com<\/h6><\/div><\/div>\t\t\t\t\t\t<\/div>\n\t\t\t\t<\/div>\n\t\t\t\t<div class=\"elementor-element elementor-element-5066ea elementor-widget__width-initial elementor-widget elementor-widget-text-editor\" data-id=\"5066ea\" data-element_type=\"widget\" data-widget_type=\"text-editor.default\">\n\t\t\t\t<div class=\"elementor-widget-container\">\n\t\t\t\t\t\t\t<p class=\"p1\"><span class=\"s1\">With more than 25 years of real estate experience developing projects and advising multinational companies in Chile, Peru, Colombia, USA and Spain. As a field of specialization, his experience in mixed-use projects on a metropolitan scale stands out.<\/span><\/p><p class=\"p1\"><span class=\"s1\">His professional development includes land, housing, office, hotel and multi-format shopping center development projects. Prior to joining Ardatz, Miguel was Corporate Manager of Engineering &amp; Projects at Parque Arauco S.A., whose responsibilities were related to the development of projects of different formats of shopping centers and mixed-use real estate ventures. Likewise, the formation of the corporate area of Operations and the collaboration in the consolidation of the Divisions of Peru and Colombia. The scope of his management covered all projects in Chile, Peru, Argentina and Colombia. The project portfolio (development, construction and implementation of greenfield, brownfield and\/or M&amp;A projects) reached an investment close to MMU$1,500. It should be noted that Miguel also participated in Inmobiliaria Aconcagua as Project Manager, was a member of Real Estate Investment Fund Surveillance Committees managed by Santander Asset Management and collaborated in the formation of the Endowment of the Pontificia Universidad Cat\u00f3lica de Chile, among other experiences. Likewise, Miguel has been a professor both at the Pontificia Universidad Cat\u00f3lica de Chile and at the Universidad de Los Andes. Miguel is a Civil Builder from the Pontificia Universidad Cat\u00f3lica de Chile and obtained his MBA from ESE Business School, Master in Real Estate Development from IE University and is a PhD candidate at UPM. He has also participated in training programs at UC Berkeley and IESE Business School.<\/span><\/p><p class=\"p1\"><span class=\"s1\">In the academic field, he is currently a professor at the DGI at the PUC and at the MDI at the ESE Business School and is co-author of the book \u201cThe real estate industry in Chile, Evolution, challenges and best practices\u201d.<\/span><\/p>\t\t\t\t\t\t<\/div>\n\t\t\t\t<\/div>\n\t\t\t\t\t<\/div>\n\t\t<\/div>\n\t\t\t\t\t<\/div>\n\t\t<\/section>\n\t\t\t\t<\/div>\n\t\t","protected":false},"excerpt":{"rendered":"<p>Miguel Mujica Founding Partner Cl+56 984 29 26 46\u00a0 | Es+34 667 06 41 40mm@ardatz.com With more than 25 years of real estate experience developing projects and advising multinational companies in Chile, Peru, Colombia, USA and Spain. As a field of specialization, his experience in mixed-use projects on a metropolitan scale stands out. His professional &hellip;<\/p>\n","protected":false},"author":1,"featured_media":0,"parent":5734,"menu_order":0,"comment_status":"closed","ping_status":"closed","template":"","meta":[],"_links":{"self":[{"href":"https:\/\/ardatz.cl\/eng\/wp-json\/wp\/v2\/pages\/6249"}],"collection":[{"href":"https:\/\/ardatz.cl\/eng\/wp-json\/wp\/v2\/pages"}],"about":[{"href":"https:\/\/ardatz.cl\/eng\/wp-json\/wp\/v2\/types\/page"}],"author":[{"embeddable":true,"href":"https:\/\/ardatz.cl\/eng\/wp-json\/wp\/v2\/users\/1"}],"replies":[{"embeddable":true,"href":"https:\/\/ardatz.cl\/eng\/wp-json\/wp\/v2\/comments?post=6249"}],"version-history":[{"count":10,"href":"https:\/\/ardatz.cl\/eng\/wp-json\/wp\/v2\/pages\/6249\/revisions"}],"predecessor-version":[{"id":6446,"href":"https:\/\/ardatz.cl\/eng\/wp-json\/wp\/v2\/pages\/6249\/revisions\/6446"}],"up":[{"embeddable":true,"href":"https:\/\/ardatz.cl\/eng\/wp-json\/wp\/v2\/pages\/5734"}],"wp:attachment":[{"href":"https:\/\/ardatz.cl\/eng\/wp-json\/wp\/v2\/media?parent=6249"}],"curies":[{"name":"wp","href":"https:\/\/api.w.org\/{rel}","templated":true}]}}